{"id":844,"date":"2015-05-28T13:12:48","date_gmt":"2015-05-28T11:12:48","guid":{"rendered":"http:\/\/www.nachbarschaftsakademie.org\/?page_id=844"},"modified":"2015-05-28T13:12:48","modified_gmt":"2015-05-28T11:12:48","slug":"contact","status":"publish","type":"page","link":"https:\/\/nachbarschaftsakademie.org\/en\/contact\/","title":{"rendered":"Contact"},"content":{"rendered":"<p>The Neighborhood Academy Prinzessinnengarten is a collaborative project and open for the participation of everyone interested. It was initiated by <a href=\"http:\/\/www.potatoperspective.org\/index.html\"> \u00c5sa Sonjasdotter<\/a> (visula artist), Marco Clausen (<a href=\"http:\/\/prinzessinnengarten.net\/\"><em>Prinzessinnengarten<\/em><\/a>), Elizabeth Calderon L\u00fcning <a href=\"http:\/\/common-grounds.net\/uber-uns\/\"><em>(common grounds e.V.)<\/em> <\/a>as well as Christa M\u00fcller, Andrea Baier und Karin Werner\u00a0<a href=\"http:\/\/www.anstiftung.de\"><em>(anstiftung)<\/em><\/a>.<\/p>\n<p>Contact: <a href=\"mailto:nachbarschaftsakademie@prinzessinnengarten.net\">nachbarschaftsakademie@prinzessinnengarten.net<\/a><\/p>\n<h3><strong>Curating Team<\/strong><\/h3>\n<div id=\"attachment_701\" style=\"width: 396px\" class=\"wp-caption alignnone\"><a href=\"http:\/\/www.nachbarschaftsakademie.org\/wp-content\/uploads\/2015\/05\/AS_20151.jpg\"><img loading=\"lazy\" decoding=\"async\" aria-describedby=\"caption-attachment-701\" class=\"size-full wp-image-701\" src=\"http:\/\/www.nachbarschaftsakademie.org\/wp-content\/uploads\/2015\/05\/AS_20151.jpg\" alt=\"\u00c5sa Sonjasdotter \/ Potatoe's Perspective\" width=\"386\" height=\"596\" srcset=\"https:\/\/nachbarschaftsakademie.org\/wp-content\/uploads\/2015\/05\/AS_20151.jpg 386w, https:\/\/nachbarschaftsakademie.org\/wp-content\/uploads\/2015\/05\/AS_20151-194x300.jpg 194w\" sizes=\"auto, (max-width: 386px) 100vw, 386px\" \/><\/a><p id=\"caption-attachment-701\" class=\"wp-caption-text\">\u00c5sa Sonjasdotter \/ Potatoe&#8217;s Perspective<\/p><\/div>\n<p><strong>\u00c5sa Sonjasdotter<\/strong> is a visual artist.\u00a0Her artistic engagement often takes place over time, following the conditions of the involved participants and investigated subjects. In the long term project\u00a0<em>Potatoes\u2019 Perspective<\/em> Sonjasdotter investigates the relation between humans and plants as manifested in cultivated plants. She was professor at the Academy of Contemporary Art in Troms\u00f8, Norway, an academy she took part in establishing, from 2007 to 2014. Sonjasdotter was a founding member of the feminist art- and action group\u00a0<em>Women Down the Pub<\/em>\u00a0from 1996 to 2005. Her most recent works are <em>Une histoire de m\u00e9t\u00e9orologie, de nourriture et de r\u00e9volution (<\/em>Mus\u00e9e de la Chasse et de la Nature et L&#8217;Institut su\u00e9dois, Paris, France 2015);\u00a0<em>Tote Wespen fliegen l\u00e4nger: bewegte Natur-Kulturen\u00a0<\/em>(Museum f\u00fcr Naturkunde Berlin, Deutschland 2015)\u00a0<em>Native Food and Invasion (<\/em>Sapporo International Arts Festival, Sapporo, Japan, 2014).<\/p>\n<p><strong>Marco Clausen<\/strong> is a historian and co-founder of Prinzessinnengarten. Since 2009, he has help build up this nonprofit community project and cafe as well as co-written the book <em>Prinzessinnengarten. Transforming Waste Land into an Urban Garden.<\/em> In addition, he initiated the campaign <em>Wachsen lassen!<\/em> (<em>Let it Grow!<\/em>). The campaign attained over 30 000 signatures from people all over the world in 2012, supporting Prinzessinnengarten in their right to stay at Moritzplatz. The campaign was successful, guaranteeing the stay of the garden until at least the end of 2018. Through the political commitment to alternative developments of the urban and the urban-rural, the area of urban resilience emerged and became an integral part of the Prinzessinnengarten, led by Clausen. Within this field, he makes publications, holds lectures, does program organization, public relations, organizes international exchanges and exhibitions with the focus on future-proof urban development and city-country relations. His work often lies in building cooperation between bottom-up projects, administrations, arts and sciences. Clausen is involved in different networks on issues of urban and rural commons, community organizing, participation, urban food-production, and food sovereignty and has, among other things co-initiated the <em>Urban Gardening Manifesto<\/em> together with the anstiftung foundation and other garden activists.<\/p>\n<h3><strong>Curating Advisory Board<\/strong><\/h3>\n<p><a href=\"http:\/\/www.nachbarschaftsakademie.org\/wp-content\/uploads\/2015\/05\/AS_2015.jpg\"><img loading=\"lazy\" decoding=\"async\" class=\"alignnone size-full wp-image-696\" src=\"http:\/\/www.nachbarschaftsakademie.org\/wp-content\/uploads\/2015\/05\/AS_2015.jpg\" alt=\"AS_2015\" width=\"400\" height=\"524\" srcset=\"https:\/\/nachbarschaftsakademie.org\/wp-content\/uploads\/2015\/05\/AS_2015.jpg 400w, https:\/\/nachbarschaftsakademie.org\/wp-content\/uploads\/2015\/05\/AS_2015-229x300.jpg 229w\" sizes=\"auto, (max-width: 400px) 100vw, 400px\" \/><\/a><\/p>\n<p><strong>Andrea Baier <\/strong>is a research associate of the <em>anstiftung<\/em>. She studied development sociology at the University of Bielefeld, researched on peasant cultures in Indonesia and spent several years in research and teaching at the Oberstufen-Kolleg of the University of Bielefeld. She is co-founder of the I<em>nstitute for Theory and Practice of Subsistence<\/em>. From 2004-2006, she worked on the anstiftung-Project Sustainable Lifestyles and Everyday-Life; before that in the BMBF-Research Project <em>Approaches of Sustainable Management in Rural Society<\/em>. Since 2007, she has worked with anstiftung with research and evaluation with a special focus on subsistence, regionalizing and sustainable lifestyles. Her last publication was Stadt<em> der Commonisten. Neue urbane R\u00e4ume des Do it yourself<\/em>\u00a0(together with Christa M\u00fcller and Karin Werner) and <a href=\"http:\/\/www.transcript-verlag.de\/978-3-8376-2490-8\/wie-soll-man-gesund-sein-wenn-man-keine-arbeit-hat\"><em>Wie soll man gesund sein, wenn man keine Arbeit hat? Gesundheit und soziale Ungleichheit<\/em><\/a>\u00a0(both in\u00a0<em>transcript<\/em>).<\/p>\n<p><strong>Christa M\u00fcller<\/strong> directs the <em>anstiftung<\/em> in Munich. She studied sociology in Bielefeld, Marburg and Seville, did research in Spain, Latin America and Westphalia to peasant movements and modernization processes . Since 1999, she has worked on the topic of urban subsistence. In 2011, she published the anthology Urban Gardening<em>. \u00dcber die R\u00fcckkehr der G\u00e4rten in die Stadt<\/em>\u00a0and co-curated the Exhibition <em>Die Produktive Stadt \u2013 Designing for Urban Agriculture<\/em>\u00a0(TU Berlin u. TU Munich). Currently, she is researching on DIY-cultures as networks for post-industrial productivity. On this topic, in 2013 she published the book <em>Stadt der Commonisten. Neue urbane R\u00e4ume des Do it yourself<\/em>\u00a0(together with Andrea Baier and Karin Werner).<\/p>\n<p><strong>Karin Werner<\/strong> has extensive fieldwork experience in Egypt, worked as Research Fellow at the American University in Cairo and did research, among others at UCSC in California on the topic of <em>Cultural Globalization and New Media<\/em>. In 1999 she founded the <em>transcript Publishing House for Communication , Culture and Social Practice<\/em>. She is advisor fort he anstiftung and in 2013 she published <a href=\"http:\/\/www.transcript-verlag.de\/978-3-8376-2367-3\/stadt-der-commonisten\"><em>Stadt der Commonisten. Neue urbane R\u00e4ume des Do it yourself<\/em>\u00a0<\/a>(together with Christa M\u00fcller and Andrea Baier)<\/p>\n<h3><strong>Organization<\/strong><strong>\u00a0<\/strong><\/h3>\n<div style=\"width: 410px\" class=\"wp-caption alignnone\"><a href=\"http:\/\/www.nachbarschaftsakademie.org\/wp-content\/uploads\/2015\/04\/ELizabeth_Halbtonraster_rotgelb.jpg\"><img loading=\"lazy\" decoding=\"async\" class=\"wp-image-871\" src=\"http:\/\/www.nachbarschaftsakademie.org\/wp-content\/uploads\/2015\/04\/ELizabeth_Halbtonraster_rotgelb.jpg\" alt=\"Initiativen unterst\u00fctzen \/ Geimeinschaftsgarten Glogauer 13\" width=\"400\" height=\"557\" srcset=\"https:\/\/nachbarschaftsakademie.org\/wp-content\/uploads\/2015\/04\/ELizabeth_Halbtonraster_rotgelb.jpg 746w, https:\/\/nachbarschaftsakademie.org\/wp-content\/uploads\/2015\/04\/ELizabeth_Halbtonraster_rotgelb-215x300.jpg 215w, https:\/\/nachbarschaftsakademie.org\/wp-content\/uploads\/2015\/04\/ELizabeth_Halbtonraster_rotgelb-735x1024.jpg 735w\" sizes=\"auto, (max-width: 400px) 100vw, 400px\" \/><\/a><p class=\"wp-caption-text\">Supporting bottom-up initiatives \/ Community Garden Glogauer 13<\/p><\/div>\n<p><strong>Elizabeth Calder\u00f3n L\u00fcning<\/strong>\u00a0studied political science and is a co-founder of <em>common grounds e.V.<\/em>. In Colombia, she worked with and for internally displaced people and supported them in their self-organization. During this time, she also researched on civil society and donor models. Upon her return to Berlin she was involved in the creating of Prinzessinnengarten. She is currently working on the coordination and development of the Neighborhood Academy as well as advisor and facilitator for new urban community gardens. Through the projects <em>Neues urbanes Gr\u00fcn<\/em> and <em>LebensMittelPunkt<\/em>, funded by the German Federal Environmental Agency, she has been able to support and accompany community gardens and other grass-root initiatives in the development of their organizing structures.<\/p>\n<p><em>The association common grounds<\/em> is committed to the development of resilient cities, new urban-rural relationships and a sustainable future for our food production. It supports people and organizations to take action within their daily environment in a way that leads towards a resilient future for our livelihoods and encourages a sustainable approach to local and global socio-ecological challenges.<\/p>\n<p><strong>Diana Kitzinski<\/strong> supports the Neighborhood Academy in organization, public relations and research. As a graduate engineer for interior architecture, she is concerned with the visual and auditive perception of space. The sound instillation made around the poem <em>Alphabet<\/em> by Inger Christensen on behalf of the Literaturwerkstatt or the designs for public spaces such as the competition entry to the <em>Platz der Stadt Hof<\/em> in Berlin Neukoelln with <em>Mettler Landscape Architecture<\/em>, are examples of some of Kitzinski\u2019s work. As an urban sociologist, she reflects space as a social product, constantly recreated through continuous reciprocity between humans and subjected to different influences. In the summer of 2014, with this as a point of departure, she wrote her <a href=\"http:\/\/www.nachbarschaftsakademie.org\/?page_id=852\">master thesis<\/a> at the Center for Metropolitan Studies, investigating the Prinzessinnengarten and its conflicting priorities between flexible everyday life in the garden and the ongoing changes within city politics.<\/p>\n<p>&nbsp;<\/p>\n<p>&nbsp;<\/p>\n<p><strong>Graphic concep<\/strong>: Sabine Meyer \/ <a href=\"http:\/\/magictouch-berlin.de\/\">Magictouch<\/a><\/p>\n<p><strong>Web design<\/strong>: Johannes Schmidt<\/p>\n<p>&nbsp;<\/p>\n<p>&nbsp;<\/p>\n<p>Contact: nachbarschaftsakademie@prinzessinnengarten.net<\/p>\n<p>Place: Prinzessinnengarten am Moritzplatz Berlin-Kreuzberg<br \/>\n<a href=\"http:\/\/www.openstreetmap.org\/#map=19\/52.50308\/13.41026\">Gr\u00f6\u00dfere Karte anzeigen<\/a><\/p>\n<p>&nbsp;<\/p>\n","protected":false},"excerpt":{"rendered":"<p>The Neighborhood Academy Prinzessinnengarten is a collaborative project and open for the participation of everyone interested. It was initiated by \u00c5sa Sonjasdotter (visula artist), Marco Clausen (Prinzessinnengarten), Elizabeth Calderon L\u00fcning [&hellip;]<\/p>\n","protected":false},"author":1,"featured_media":0,"parent":0,"menu_order":0,"comment_status":"open","ping_status":"open","template":"","meta":{"_locale":"en_US","_original_post":"60","footnotes":""},"class_list":["post-844","page","type-page","status-publish","hentry","en-US"],"aioseo_notices":[],"_links":{"self":[{"href":"https:\/\/nachbarschaftsakademie.org\/wp-json\/wp\/v2\/pages\/844","targetHints":{"allow":["GET"]}}],"collection":[{"href":"https:\/\/nachbarschaftsakademie.org\/wp-json\/wp\/v2\/pages"}],"about":[{"href":"https:\/\/nachbarschaftsakademie.org\/wp-json\/wp\/v2\/types\/page"}],"author":[{"embeddable":true,"href":"https:\/\/nachbarschaftsakademie.org\/wp-json\/wp\/v2\/users\/1"}],"replies":[{"embeddable":true,"href":"https:\/\/nachbarschaftsakademie.org\/wp-json\/wp\/v2\/comments?post=844"}],"version-history":[{"count":0,"href":"https:\/\/nachbarschaftsakademie.org\/wp-json\/wp\/v2\/pages\/844\/revisions"}],"wp:attachment":[{"href":"https:\/\/nachbarschaftsakademie.org\/wp-json\/wp\/v2\/media?parent=844"}],"curies":[{"name":"wp","href":"https:\/\/api.w.org\/{rel}","templated":true}]}}